{"id":2,"date":"2022-05-05T15:16:45","date_gmt":"2022-05-05T15:16:45","guid":{"rendered":"https:\/\/12aposteldienstleistung.live-website.com\/?page_id=2"},"modified":"2022-08-27T12:38:27","modified_gmt":"2022-08-27T12:38:27","slug":"construction","status":"publish","type":"page","link":"http:\/\/12-apostel.services\/?page_id=2","title":{"rendered":"Impressum"},"content":{"rendered":"\n<h2 class=\"wp-block-heading\">Angaben gem\u00e4\u00df \u00a7 5 TMG<\/h2>\n\n\n\n<p>12-Apostel Dienstleistungen GmbH<br>Kalkstein 12<br>17398 Bugewitz &#8211; Kalkstein<\/p>\n\n\n\n<p>Sitz : Bugewitz<br>Registergericht : Amtsgericht Neubrandenburg<br>Handelsregister : HRB 21556<br>Gesch\u00e4ftsf\u00fchrer Dietmar B\u00fcrk<\/p>\n\n\n\n<h2 class=\"wp-block-heading\">Kontakt<\/h2>\n\n\n\n<p>eMail : post@12-apostel.services<\/p>\n\n\n\n<h2 class=\"wp-block-heading\">Umsatzsteuer-ID<\/h2>\n\n\n\n<p>Umsatzsteuer-Identifikationsnummer gem\u00e4\u00df \u00a7 27 a Umsatzsteuergesetz : DE352911265<\/p>\n\n\n\n<h2 class=\"wp-block-heading\">Verbraucher\u00adstreit\u00adbeilegung\/Universal\u00adschlichtungs\u00adstelle<\/h2>\n\n\n\n<p>Wir sind nicht bereit oder verpflichtet an Streitbeilegungsverfahren vor einer Verbraucherschlichtungsstelle teilzunehmen.<\/p>\n\n\n\n<h2 class=\"wp-block-heading\">Quellennachweise f\u00fcr die auf der Webseite verwendeten Bildern :<\/h2>\n\n\n\n<p>alles Bilder von iStock by Getty Images &#8211; www.istockphoto.com<\/p>\n\n\n\n<p>Haus mit Herz in der Hand : ID 939276258 &#8211; Natalie_Mis<\/p>\n\n\n\n<p>Arbeitswerkzeuge und symbolisches Haus : ID 1203783362 &#8211; Santje09<\/p>\n\n\n\n<p>Nahaufnahme des G\u00e4rtners in gr\u00fcner Uniform in Bewegung, im Hintergrund Wagen mit Taschen und Rechen : ID 1340439286 &#8211; Ildar Abulkhanov<\/p>\n\n\n\n<p>Blattharke im Herbst Gartenbau &#8211; ID 1284105874 &#8211; Animaflora<\/p>\n\n\n\n<p>Schneeschieber mit einem Traktor auf dem Fu\u00dfweg &#8211; ID 1298266461 &#8211; Animaflora<\/p>\n\n\n\n<h2 class=\"wp-block-heading\">Haftung f\u00fcr Inhalte<\/h2>\n\n\n\n<p>Als Diensteanbieter sind wir gem\u00e4\u00df \u00a7 7 Absatz 1 TMG f\u00fcr eigene Inhalte auf diesen Seiten nach den allgemeinen Gesetzen verantwortlich. Nach \u00a7\u00a7 8 bis 10 TMG sind wir als Diensteanbieter jedoch nicht verpflichtet, \u00fcbermittelte oder gespeicherte fremde Informationen zu \u00fcberwachen oder nach Umst\u00e4nden zu forschen, die auf eine rechtswidrige T\u00e4tigkeit hinweisen. Verpflichtungen zur Entfernung oder Sperrung der Nutzung von Informationen nach den allgemeinen Gesetzen bleiben hiervon unber\u00fchrt. Eine diesbez\u00fcgliche Haftung ist jedoch erst ab dem Zeitpunkt der Kenntnis einer konkreten Rechtsverletzung m\u00f6glich. Bei Bekanntwerden von entsprechenden Rechtsverletzungen werden wir diese Inhalte umgehend entfernen.<\/p>\n\n\n\n<h2 class=\"wp-block-heading\">Haftung f\u00fcr Links<\/h2>\n\n\n\n<p>Unser Angebot enth\u00e4lt Links zu externen Websites Dritter, auf deren Inhalte wir keinen Einfluss haben. Deshalb k\u00f6nnen wir f\u00fcr diese fremden Inhalte auch keine Gew\u00e4hr \u00fcbernehmen. F\u00fcr die Inhalte der verlinkten Seiten ist stets der jeweilige Anbieter oder Betreiber der Seiten verantwortlich. Die verlinkten Seiten wurden zum Zeitpunkt der Verlinkung auf m\u00f6gliche Rechtsverst\u00f6\u00dfe \u00fcberpr\u00fcft. Rechtswidrige Inhalte waren zum Zeitpunkt der Verlinkung nicht erkennbar.&nbsp;Eine permanente inhaltliche Kontrolle der verlinkten Seiten ist jedoch ohne konkrete Anhaltspunkte einer Rechtsverletzung nicht zumutbar. Bei Bekanntwerden von Rechtsverletzungen werden wir derartige Links umgehend entfernen.<\/p>\n\n\n\n<h2 class=\"wp-block-heading\">Urheberrecht<\/h2>\n\n\n\n<p>Die durch die Seitenbetreiber erstellten Inhalte und Werke auf diesen Seiten unterliegen dem deutschen Urheberrecht. Die Vervielf\u00e4ltigung, Bearbeitung, Verbreitung und jede Art der Verwertung au\u00dferhalb der Grenzen des Urheberrechtes bed\u00fcrfen der schriftlichen Zustimmung des jeweiligen Autors bzw. Erstellers. Downloads und Kopien dieser Seite sind nur f\u00fcr den privaten, nicht kommerziellen Gebrauch gestattet.&nbsp;Soweit die Inhalte auf dieser Seite nicht vom Betreiber erstellt wurden, werden die Urheberrechte Dritter beachtet. Insbesondere werden Inhalte Dritter als solche gekennzeichnet. Sollten Sie trotzdem auf eine Urheberrechtsverletzung aufmerksam werden, bitten wir um einen entsprechenden Hinweis. Bei Bekanntwerden von Rechtsverletzungen werden wir derartige Inhalte umgehend entfernen.<\/p>\n\n\n\n<p>Quelle :&nbsp;<a href=\"https:\/\/www.e-recht24.de\/\">eRecht24<\/a><\/p>\n","protected":false},"excerpt":{"rendered":"<p>Angaben gem\u00e4\u00df \u00a7 5 TMG 12-Apostel Dienstleistungen GmbHKalkstein 1217398 Bugewitz &#8211; Kalkstein Sitz : BugewitzRegistergericht : Amtsgericht NeubrandenburgHandelsregister : HRB 21556Gesch\u00e4ftsf\u00fchrer Dietmar B\u00fcrk Kontakt eMail : post@12-apostel.services Umsatzsteuer-ID Umsatzsteuer-Identifikationsnummer gem\u00e4\u00df \u00a7 27 a Umsatzsteuergesetz : DE352911265 Verbraucher\u00adstreit\u00adbeilegung\/Universal\u00adschlichtungs\u00adstelle Wir sind nicht bereit oder verpflichtet an Streitbeilegungsverfahren vor einer Verbraucherschlichtungsstelle teilzunehmen. Quellennachweise f\u00fcr die auf der Webseite [&hellip;]<\/p>\n","protected":false},"author":1,"featured_media":0,"parent":0,"menu_order":0,"comment_status":"closed","ping_status":"open","template":"","meta":{"footnotes":""},"class_list":["post-2","page","type-page","status-publish","hentry"],"_links":{"self":[{"href":"http:\/\/12-apostel.services\/index.php?rest_route=\/wp\/v2\/pages\/2","targetHints":{"allow":["GET"]}}],"collection":[{"href":"http:\/\/12-apostel.services\/index.php?rest_route=\/wp\/v2\/pages"}],"about":[{"href":"http:\/\/12-apostel.services\/index.php?rest_route=\/wp\/v2\/types\/page"}],"author":[{"embeddable":true,"href":"http:\/\/12-apostel.services\/index.php?rest_route=\/wp\/v2\/users\/1"}],"replies":[{"embeddable":true,"href":"http:\/\/12-apostel.services\/index.php?rest_route=%2Fwp%2Fv2%2Fcomments&post=2"}],"version-history":[{"count":5,"href":"http:\/\/12-apostel.services\/index.php?rest_route=\/wp\/v2\/pages\/2\/revisions"}],"predecessor-version":[{"id":281,"href":"http:\/\/12-apostel.services\/index.php?rest_route=\/wp\/v2\/pages\/2\/revisions\/281"}],"wp:attachment":[{"href":"http:\/\/12-apostel.services\/index.php?rest_route=%2Fwp%2Fv2%2Fmedia&parent=2"}],"curies":[{"name":"wp","href":"https:\/\/api.w.org\/{rel}","templated":true}]}}